{"id":15,"date":"2021-04-27T11:00:00","date_gmt":"2021-04-27T11:00:00","guid":{"rendered":"https:\/\/lifewatch.unibuc.ro\/?page_id=15"},"modified":"2021-04-27T11:42:00","modified_gmt":"2021-04-27T11:42:00","slug":"rezultate-preconizate","status":"publish","type":"page","link":"https:\/\/lifewatch.unibuc.ro\/?page_id=15","title":{"rendered":"Rezultate preconizate"},"content":{"rendered":"<p><strong>Rezultat 1<\/strong> Implementarea proiectului pe baza planificarii si monitorizarii tuturor parametrilor din proiect pe baza unui management al riscului planificat si controlat. Elaboarea rapoartelor tehnico- financiare periodice pe baza analizei activitatilor si rezultatelor implementarii proiectului.<\/p>\n<p><strong>Rezultat 2<\/strong> Crearea si dotarea a 6 laboratoare precum si modernizarea si dotarea a altor 2 laboratoare av\u00e2nd ca scop dezvoltarea cunoa\u015fterii integrate si relevante asupra zonelor umede europene \u015fi a ecosistemelor montane.<\/p>\n<ul>\n<li>Laborator de monitorizare si analiz\u0103 a ecosistemelor costiere si deltaice (Locatie: Sf. Gheorghe)<\/li>\n<li>Laborator de prelevare, precondi\u0163ionare si izolare probe pentru studiul biodiversit\u0103\u0163ii \u015fi studii ecosistemice in zone costiere si deltaice (locatie Sf. Gheorghe) creat si dotat<\/li>\n<li>Laborator complex de analize ecologice pentru zone umede din zone inundabile (Locatie: Braila), modernizat si dotat.<\/li>\n<li>Laborator de genetica pentru studii ecosistemice in zone umede (Braila) creat si dotat<\/li>\n<li>Laborator de monitorizare, prelevare si analizare probe \u015fi date geomatice pentru ecosisteme acvatice fluviale (Or\u015fova) creat si dotat<\/li>\n<li>Laborator de prelevare, precondi\u0163ionare si izolare probe pentru studiul biodiversit\u0103\u0163ii \u015fi studii ecosistemice in zone acvatice fluviale (Or\u015fova) creat si dotat<\/li>\n<li>Laborator de prelevare, precondi\u0163ionare si izolare probe pentru studiul biodiversit\u0103\u0163ii \u015fi studii ecosistemice in zone montane (Sinaia) modernizat si dotat.<\/li>\n<li>Datacenter modul interfata (laboratoare virtuale) Lifewatch (Sinaia)<\/li>\n<\/ul>\n<p><strong>Rezultat 3<\/strong> Cre\u015fterea capacit\u0103\u0163ii infrastructurii de a genera date, \u00een domenii prioritare, prin dezvoltarea unei re\u0163ele de senzori la nivel na\u0163ional, capabil\u0103 sa transmit\u0103 \u00een mod continuu date privind diversitatea biologic\u0103 (crearea a 3 laboratoare). -Laborator mobil de cercetari sociale -Statii complexe de monitorizare fluxuri ecologice in situ -Statii distribuite de cercetari climatice si investigarea adaptarii la modificarile climatice -Aplicatii informatice si licente pentru laboratoarele nou create si \/ sau modernizate.<\/p>\n<p><strong>Rezultat 4<\/strong>\u00a0Diseminarea rezultatelor cercetarilor si informarea publicului -Publicitatea proiectului<\/p>\n","protected":false},"excerpt":{"rendered":"<p>Rezultat 1 Implementarea proiectului pe baza planificarii si monitorizarii tuturor parametrilor din proiect pe baza unui management al riscului planificat si controlat. Elaboarea rapoartelor tehnico- financiare periodice pe baza analizei activitatilor si rezultatelor implementarii proiectului. Rezultat 2 Crearea si dotarea a 6 laboratoare precum si modernizarea si dotarea a altor 2 laboratoare av\u00e2nd ca scop <a class=\"read-more\" href=\"https:\/\/lifewatch.unibuc.ro\/?page_id=15\">Read More<\/a><\/p>\n","protected":false},"author":2,"featured_media":0,"parent":0,"menu_order":0,"comment_status":"closed","ping_status":"closed","template":"","meta":{"footnotes":""},"class_list":["post-15","page","type-page","status-publish","hentry"],"yoast_head":"<!-- This site is optimized with the Yoast SEO plugin v27.4 - https:\/\/yoast.com\/product\/yoast-seo-wordpress\/ -->\n<title>Rezultate preconizate - Int\u0103rirea capacit\u0103\u0163ii de cercetare ecosistemic\u0103 \u0219i biodiversitate a Universit\u0103\u0163ii Bucure\u015fti prin e-\u0219tiin\u021b\u0103 \u0219i tehnologie \u2013 Lifewatch Rom\u00e2nia<\/title>\n<meta name=\"robots\" content=\"index, follow, max-snippet:-1, max-image-preview:large, max-video-preview:-1\" \/>\n<link rel=\"canonical\" href=\"https:\/\/lifewatch.unibuc.ro\/?page_id=15\" \/>\n<meta property=\"og:locale\" content=\"ro_RO\" \/>\n<meta property=\"og:type\" content=\"article\" \/>\n<meta property=\"og:title\" content=\"Rezultate preconizate - Int\u0103rirea capacit\u0103\u0163ii de cercetare ecosistemic\u0103 \u0219i biodiversitate a Universit\u0103\u0163ii Bucure\u015fti prin e-\u0219tiin\u021b\u0103 \u0219i tehnologie \u2013 Lifewatch Rom\u00e2nia\" \/>\n<meta property=\"og:description\" content=\"Rezultat 1 Implementarea proiectului pe baza planificarii si monitorizarii tuturor parametrilor din proiect pe baza unui management al riscului planificat si controlat. Elaboarea rapoartelor tehnico- financiare periodice pe baza analizei activitatilor si rezultatelor implementarii proiectului. Rezultat 2 Crearea si dotarea a 6 laboratoare precum si modernizarea si dotarea a altor 2 laboratoare av\u00e2nd ca scop Read More\" \/>\n<meta property=\"og:url\" content=\"https:\/\/lifewatch.unibuc.ro\/?page_id=15\" \/>\n<meta property=\"og:site_name\" content=\"Int\u0103rirea capacit\u0103\u0163ii de cercetare ecosistemic\u0103 \u0219i biodiversitate a Universit\u0103\u0163ii Bucure\u015fti prin e-\u0219tiin\u021b\u0103 \u0219i tehnologie \u2013 Lifewatch Rom\u00e2nia\" \/>\n<meta property=\"article:modified_time\" content=\"2021-04-27T11:42:00+00:00\" \/>\n<meta name=\"twitter:card\" content=\"summary_large_image\" \/>\n<meta name=\"twitter:label1\" content=\"Timp estimat pentru citire\" \/>\n\t<meta name=\"twitter:data1\" content=\"2 minute\" \/>\n<script type=\"application\/ld+json\" class=\"yoast-schema-graph\">{\"@context\":\"https:\\\/\\\/schema.org\",\"@graph\":[{\"@type\":\"WebPage\",\"@id\":\"https:\\\/\\\/lifewatch.unibuc.ro\\\/?page_id=15\",\"url\":\"https:\\\/\\\/lifewatch.unibuc.ro\\\/?page_id=15\",\"name\":\"Rezultate preconizate - Int\u0103rirea capacit\u0103\u0163ii de cercetare ecosistemic\u0103 \u0219i biodiversitate a Universit\u0103\u0163ii Bucure\u015fti prin e-\u0219tiin\u021b\u0103 \u0219i tehnologie \u2013 Lifewatch Rom\u00e2nia\",\"isPartOf\":{\"@id\":\"https:\\\/\\\/lifewatch.unibuc.ro\\\/#website\"},\"datePublished\":\"2021-04-27T11:00:00+00:00\",\"dateModified\":\"2021-04-27T11:42:00+00:00\",\"breadcrumb\":{\"@id\":\"https:\\\/\\\/lifewatch.unibuc.ro\\\/?page_id=15#breadcrumb\"},\"inLanguage\":\"ro-RO\",\"potentialAction\":[{\"@type\":\"ReadAction\",\"target\":[\"https:\\\/\\\/lifewatch.unibuc.ro\\\/?page_id=15\"]}]},{\"@type\":\"BreadcrumbList\",\"@id\":\"https:\\\/\\\/lifewatch.unibuc.ro\\\/?page_id=15#breadcrumb\",\"itemListElement\":[{\"@type\":\"ListItem\",\"position\":1,\"name\":\"Home\",\"item\":\"https:\\\/\\\/lifewatch.unibuc.ro\\\/\"},{\"@type\":\"ListItem\",\"position\":2,\"name\":\"Rezultate preconizate\"}]},{\"@type\":\"WebSite\",\"@id\":\"https:\\\/\\\/lifewatch.unibuc.ro\\\/#website\",\"url\":\"https:\\\/\\\/lifewatch.unibuc.ro\\\/\",\"name\":\"Int\u0103rirea capacit\u0103\u0163ii de cercetare ecosistemic\u0103 \u0219i biodiversitate a Universit\u0103\u0163ii Bucure\u015fti prin e-\u0219tiin\u021b\u0103 \u0219i tehnologie \u2013 Lifewatch Rom\u00e2nia\",\"description\":\"\",\"publisher\":{\"@id\":\"https:\\\/\\\/lifewatch.unibuc.ro\\\/#organization\"},\"potentialAction\":[{\"@type\":\"SearchAction\",\"target\":{\"@type\":\"EntryPoint\",\"urlTemplate\":\"https:\\\/\\\/lifewatch.unibuc.ro\\\/?s={search_term_string}\"},\"query-input\":{\"@type\":\"PropertyValueSpecification\",\"valueRequired\":true,\"valueName\":\"search_term_string\"}}],\"inLanguage\":\"ro-RO\"},{\"@type\":\"Organization\",\"@id\":\"https:\\\/\\\/lifewatch.unibuc.ro\\\/#organization\",\"name\":\"Int\u0103rirea capacit\u0103\u0163ii de cercetare ecosistemic\u0103 \u0219i biodiversitate a Universit\u0103\u0163ii Bucure\u015fti prin e-\u0219tiin\u021b\u0103 \u0219i tehnologie \u2013 Lifewatch Rom\u00e2nia\",\"url\":\"https:\\\/\\\/lifewatch.unibuc.ro\\\/\",\"logo\":{\"@type\":\"ImageObject\",\"inLanguage\":\"ro-RO\",\"@id\":\"https:\\\/\\\/lifewatch.unibuc.ro\\\/#\\\/schema\\\/logo\\\/image\\\/\",\"url\":\"https:\\\/\\\/lifewatch.unibuc.ro\\\/wp-content\\\/uploads\\\/2021\\\/04\\\/cropped-Picture1.jpg\",\"contentUrl\":\"https:\\\/\\\/lifewatch.unibuc.ro\\\/wp-content\\\/uploads\\\/2021\\\/04\\\/cropped-Picture1.jpg\",\"width\":878,\"height\":200,\"caption\":\"Int\u0103rirea capacit\u0103\u0163ii de cercetare ecosistemic\u0103 \u0219i biodiversitate a Universit\u0103\u0163ii Bucure\u015fti prin e-\u0219tiin\u021b\u0103 \u0219i tehnologie \u2013 Lifewatch Rom\u00e2nia\"},\"image\":{\"@id\":\"https:\\\/\\\/lifewatch.unibuc.ro\\\/#\\\/schema\\\/logo\\\/image\\\/\"}}]}<\/script>\n<!-- \/ Yoast SEO plugin. -->","yoast_head_json":{"title":"Rezultate preconizate - Int\u0103rirea capacit\u0103\u0163ii de cercetare ecosistemic\u0103 \u0219i biodiversitate a Universit\u0103\u0163ii Bucure\u015fti prin e-\u0219tiin\u021b\u0103 \u0219i tehnologie \u2013 Lifewatch Rom\u00e2nia","robots":{"index":"index","follow":"follow","max-snippet":"max-snippet:-1","max-image-preview":"max-image-preview:large","max-video-preview":"max-video-preview:-1"},"canonical":"https:\/\/lifewatch.unibuc.ro\/?page_id=15","og_locale":"ro_RO","og_type":"article","og_title":"Rezultate preconizate - Int\u0103rirea capacit\u0103\u0163ii de cercetare ecosistemic\u0103 \u0219i biodiversitate a Universit\u0103\u0163ii Bucure\u015fti prin e-\u0219tiin\u021b\u0103 \u0219i tehnologie \u2013 Lifewatch Rom\u00e2nia","og_description":"Rezultat 1 Implementarea proiectului pe baza planificarii si monitorizarii tuturor parametrilor din proiect pe baza unui management al riscului planificat si controlat. Elaboarea rapoartelor tehnico- financiare periodice pe baza analizei activitatilor si rezultatelor implementarii proiectului. Rezultat 2 Crearea si dotarea a 6 laboratoare precum si modernizarea si dotarea a altor 2 laboratoare av\u00e2nd ca scop Read More","og_url":"https:\/\/lifewatch.unibuc.ro\/?page_id=15","og_site_name":"Int\u0103rirea capacit\u0103\u0163ii de cercetare ecosistemic\u0103 \u0219i biodiversitate a Universit\u0103\u0163ii Bucure\u015fti prin e-\u0219tiin\u021b\u0103 \u0219i tehnologie \u2013 Lifewatch Rom\u00e2nia","article_modified_time":"2021-04-27T11:42:00+00:00","twitter_card":"summary_large_image","twitter_misc":{"Timp estimat pentru citire":"2 minute"},"schema":{"@context":"https:\/\/schema.org","@graph":[{"@type":"WebPage","@id":"https:\/\/lifewatch.unibuc.ro\/?page_id=15","url":"https:\/\/lifewatch.unibuc.ro\/?page_id=15","name":"Rezultate preconizate - Int\u0103rirea capacit\u0103\u0163ii de cercetare ecosistemic\u0103 \u0219i biodiversitate a Universit\u0103\u0163ii Bucure\u015fti prin e-\u0219tiin\u021b\u0103 \u0219i tehnologie \u2013 Lifewatch Rom\u00e2nia","isPartOf":{"@id":"https:\/\/lifewatch.unibuc.ro\/#website"},"datePublished":"2021-04-27T11:00:00+00:00","dateModified":"2021-04-27T11:42:00+00:00","breadcrumb":{"@id":"https:\/\/lifewatch.unibuc.ro\/?page_id=15#breadcrumb"},"inLanguage":"ro-RO","potentialAction":[{"@type":"ReadAction","target":["https:\/\/lifewatch.unibuc.ro\/?page_id=15"]}]},{"@type":"BreadcrumbList","@id":"https:\/\/lifewatch.unibuc.ro\/?page_id=15#breadcrumb","itemListElement":[{"@type":"ListItem","position":1,"name":"Home","item":"https:\/\/lifewatch.unibuc.ro\/"},{"@type":"ListItem","position":2,"name":"Rezultate preconizate"}]},{"@type":"WebSite","@id":"https:\/\/lifewatch.unibuc.ro\/#website","url":"https:\/\/lifewatch.unibuc.ro\/","name":"Int\u0103rirea capacit\u0103\u0163ii de cercetare ecosistemic\u0103 \u0219i biodiversitate a Universit\u0103\u0163ii Bucure\u015fti prin e-\u0219tiin\u021b\u0103 \u0219i tehnologie \u2013 Lifewatch Rom\u00e2nia","description":"","publisher":{"@id":"https:\/\/lifewatch.unibuc.ro\/#organization"},"potentialAction":[{"@type":"SearchAction","target":{"@type":"EntryPoint","urlTemplate":"https:\/\/lifewatch.unibuc.ro\/?s={search_term_string}"},"query-input":{"@type":"PropertyValueSpecification","valueRequired":true,"valueName":"search_term_string"}}],"inLanguage":"ro-RO"},{"@type":"Organization","@id":"https:\/\/lifewatch.unibuc.ro\/#organization","name":"Int\u0103rirea capacit\u0103\u0163ii de cercetare ecosistemic\u0103 \u0219i biodiversitate a Universit\u0103\u0163ii Bucure\u015fti prin e-\u0219tiin\u021b\u0103 \u0219i tehnologie \u2013 Lifewatch Rom\u00e2nia","url":"https:\/\/lifewatch.unibuc.ro\/","logo":{"@type":"ImageObject","inLanguage":"ro-RO","@id":"https:\/\/lifewatch.unibuc.ro\/#\/schema\/logo\/image\/","url":"https:\/\/lifewatch.unibuc.ro\/wp-content\/uploads\/2021\/04\/cropped-Picture1.jpg","contentUrl":"https:\/\/lifewatch.unibuc.ro\/wp-content\/uploads\/2021\/04\/cropped-Picture1.jpg","width":878,"height":200,"caption":"Int\u0103rirea capacit\u0103\u0163ii de cercetare ecosistemic\u0103 \u0219i biodiversitate a Universit\u0103\u0163ii Bucure\u015fti prin e-\u0219tiin\u021b\u0103 \u0219i tehnologie \u2013 Lifewatch Rom\u00e2nia"},"image":{"@id":"https:\/\/lifewatch.unibuc.ro\/#\/schema\/logo\/image\/"}}]}},"_links":{"self":[{"href":"https:\/\/lifewatch.unibuc.ro\/index.php?rest_route=\/wp\/v2\/pages\/15","targetHints":{"allow":["GET"]}}],"collection":[{"href":"https:\/\/lifewatch.unibuc.ro\/index.php?rest_route=\/wp\/v2\/pages"}],"about":[{"href":"https:\/\/lifewatch.unibuc.ro\/index.php?rest_route=\/wp\/v2\/types\/page"}],"author":[{"embeddable":true,"href":"https:\/\/lifewatch.unibuc.ro\/index.php?rest_route=\/wp\/v2\/users\/2"}],"replies":[{"embeddable":true,"href":"https:\/\/lifewatch.unibuc.ro\/index.php?rest_route=%2Fwp%2Fv2%2Fcomments&post=15"}],"version-history":[{"count":3,"href":"https:\/\/lifewatch.unibuc.ro\/index.php?rest_route=\/wp\/v2\/pages\/15\/revisions"}],"predecessor-version":[{"id":42,"href":"https:\/\/lifewatch.unibuc.ro\/index.php?rest_route=\/wp\/v2\/pages\/15\/revisions\/42"}],"wp:attachment":[{"href":"https:\/\/lifewatch.unibuc.ro\/index.php?rest_route=%2Fwp%2Fv2%2Fmedia&parent=15"}],"curies":[{"name":"wp","href":"https:\/\/api.w.org\/{rel}","templated":true}]}}