{"id":17,"date":"2021-04-27T11:05:19","date_gmt":"2021-04-27T11:05:19","guid":{"rendered":"https:\/\/lifewatch.unibuc.ro\/?page_id=17"},"modified":"2021-04-27T11:44:36","modified_gmt":"2021-04-27T11:44:36","slug":"link-uri-utile","status":"publish","type":"page","link":"https:\/\/lifewatch.unibuc.ro\/?page_id=17","title":{"rendered":"Link-uri utile"},"content":{"rendered":"\n<p><a href=\"https:\/\/www.lifewatch.eu\/\">https:\/\/www.lifewatch.eu\/<\/a><\/p>\n\n\n\n<p><a href=\"https:\/\/www.danubius-ri.eu\/\">https:\/\/www.danubius-ri.eu\/<\/a><\/p>\n\n\n\n<p><a href=\"http:\/\/www.fonduri-ue.ro\/\">www.fonduri-ue.ro<\/a><\/p>\n\n\n\n<p><a href=\"https:\/\/www.icos-cp.eu\/\">https:\/\/www.icos-cp.eu\/<\/a> <\/p>\n","protected":false},"excerpt":{"rendered":"<p>https:\/\/www.lifewatch.eu\/ https:\/\/www.danubius-ri.eu\/ www.fonduri-ue.ro https:\/\/www.icos-cp.eu\/<\/p>\n","protected":false},"author":2,"featured_media":0,"parent":0,"menu_order":0,"comment_status":"closed","ping_status":"closed","template":"","meta":{"footnotes":""},"class_list":["post-17","page","type-page","status-publish","hentry"],"yoast_head":"<!-- This site is optimized with the Yoast SEO plugin v27.4 - https:\/\/yoast.com\/product\/yoast-seo-wordpress\/ -->\n<title>Link-uri utile - Int\u0103rirea capacit\u0103\u0163ii de cercetare ecosistemic\u0103 \u0219i biodiversitate a Universit\u0103\u0163ii Bucure\u015fti prin e-\u0219tiin\u021b\u0103 \u0219i tehnologie \u2013 Lifewatch Rom\u00e2nia<\/title>\n<meta name=\"robots\" content=\"index, follow, max-snippet:-1, max-image-preview:large, max-video-preview:-1\" \/>\n<link rel=\"canonical\" href=\"https:\/\/lifewatch.unibuc.ro\/?page_id=17\" \/>\n<meta property=\"og:locale\" content=\"ro_RO\" \/>\n<meta property=\"og:type\" content=\"article\" \/>\n<meta property=\"og:title\" content=\"Link-uri utile - Int\u0103rirea capacit\u0103\u0163ii de cercetare ecosistemic\u0103 \u0219i biodiversitate a Universit\u0103\u0163ii Bucure\u015fti prin e-\u0219tiin\u021b\u0103 \u0219i tehnologie \u2013 Lifewatch Rom\u00e2nia\" \/>\n<meta property=\"og:description\" content=\"https:\/\/www.lifewatch.eu\/ https:\/\/www.danubius-ri.eu\/ www.fonduri-ue.ro https:\/\/www.icos-cp.eu\/\" \/>\n<meta property=\"og:url\" content=\"https:\/\/lifewatch.unibuc.ro\/?page_id=17\" \/>\n<meta property=\"og:site_name\" content=\"Int\u0103rirea capacit\u0103\u0163ii de cercetare ecosistemic\u0103 \u0219i biodiversitate a Universit\u0103\u0163ii Bucure\u015fti prin e-\u0219tiin\u021b\u0103 \u0219i tehnologie \u2013 Lifewatch Rom\u00e2nia\" \/>\n<meta property=\"article:modified_time\" content=\"2021-04-27T11:44:36+00:00\" \/>\n<meta name=\"twitter:card\" content=\"summary_large_image\" \/>\n<meta name=\"twitter:label1\" content=\"Timp estimat pentru citire\" \/>\n\t<meta name=\"twitter:data1\" content=\"1 minut\" \/>\n<script type=\"application\/ld+json\" class=\"yoast-schema-graph\">{\"@context\":\"https:\\\/\\\/schema.org\",\"@graph\":[{\"@type\":\"WebPage\",\"@id\":\"https:\\\/\\\/lifewatch.unibuc.ro\\\/?page_id=17\",\"url\":\"https:\\\/\\\/lifewatch.unibuc.ro\\\/?page_id=17\",\"name\":\"Link-uri utile - Int\u0103rirea capacit\u0103\u0163ii de cercetare ecosistemic\u0103 \u0219i biodiversitate a Universit\u0103\u0163ii Bucure\u015fti prin e-\u0219tiin\u021b\u0103 \u0219i tehnologie \u2013 Lifewatch Rom\u00e2nia\",\"isPartOf\":{\"@id\":\"https:\\\/\\\/lifewatch.unibuc.ro\\\/#website\"},\"datePublished\":\"2021-04-27T11:05:19+00:00\",\"dateModified\":\"2021-04-27T11:44:36+00:00\",\"breadcrumb\":{\"@id\":\"https:\\\/\\\/lifewatch.unibuc.ro\\\/?page_id=17#breadcrumb\"},\"inLanguage\":\"ro-RO\",\"potentialAction\":[{\"@type\":\"ReadAction\",\"target\":[\"https:\\\/\\\/lifewatch.unibuc.ro\\\/?page_id=17\"]}]},{\"@type\":\"BreadcrumbList\",\"@id\":\"https:\\\/\\\/lifewatch.unibuc.ro\\\/?page_id=17#breadcrumb\",\"itemListElement\":[{\"@type\":\"ListItem\",\"position\":1,\"name\":\"Home\",\"item\":\"https:\\\/\\\/lifewatch.unibuc.ro\\\/\"},{\"@type\":\"ListItem\",\"position\":2,\"name\":\"Link-uri utile\"}]},{\"@type\":\"WebSite\",\"@id\":\"https:\\\/\\\/lifewatch.unibuc.ro\\\/#website\",\"url\":\"https:\\\/\\\/lifewatch.unibuc.ro\\\/\",\"name\":\"Int\u0103rirea capacit\u0103\u0163ii de cercetare ecosistemic\u0103 \u0219i biodiversitate a Universit\u0103\u0163ii Bucure\u015fti prin e-\u0219tiin\u021b\u0103 \u0219i tehnologie \u2013 Lifewatch Rom\u00e2nia\",\"description\":\"\",\"publisher\":{\"@id\":\"https:\\\/\\\/lifewatch.unibuc.ro\\\/#organization\"},\"potentialAction\":[{\"@type\":\"SearchAction\",\"target\":{\"@type\":\"EntryPoint\",\"urlTemplate\":\"https:\\\/\\\/lifewatch.unibuc.ro\\\/?s={search_term_string}\"},\"query-input\":{\"@type\":\"PropertyValueSpecification\",\"valueRequired\":true,\"valueName\":\"search_term_string\"}}],\"inLanguage\":\"ro-RO\"},{\"@type\":\"Organization\",\"@id\":\"https:\\\/\\\/lifewatch.unibuc.ro\\\/#organization\",\"name\":\"Int\u0103rirea capacit\u0103\u0163ii de cercetare ecosistemic\u0103 \u0219i biodiversitate a Universit\u0103\u0163ii Bucure\u015fti prin e-\u0219tiin\u021b\u0103 \u0219i tehnologie \u2013 Lifewatch Rom\u00e2nia\",\"url\":\"https:\\\/\\\/lifewatch.unibuc.ro\\\/\",\"logo\":{\"@type\":\"ImageObject\",\"inLanguage\":\"ro-RO\",\"@id\":\"https:\\\/\\\/lifewatch.unibuc.ro\\\/#\\\/schema\\\/logo\\\/image\\\/\",\"url\":\"https:\\\/\\\/lifewatch.unibuc.ro\\\/wp-content\\\/uploads\\\/2021\\\/04\\\/cropped-Picture1.jpg\",\"contentUrl\":\"https:\\\/\\\/lifewatch.unibuc.ro\\\/wp-content\\\/uploads\\\/2021\\\/04\\\/cropped-Picture1.jpg\",\"width\":878,\"height\":200,\"caption\":\"Int\u0103rirea capacit\u0103\u0163ii de cercetare ecosistemic\u0103 \u0219i biodiversitate a Universit\u0103\u0163ii Bucure\u015fti prin e-\u0219tiin\u021b\u0103 \u0219i tehnologie \u2013 Lifewatch Rom\u00e2nia\"},\"image\":{\"@id\":\"https:\\\/\\\/lifewatch.unibuc.ro\\\/#\\\/schema\\\/logo\\\/image\\\/\"}}]}<\/script>\n<!-- \/ Yoast SEO plugin. -->","yoast_head_json":{"title":"Link-uri utile - Int\u0103rirea capacit\u0103\u0163ii de cercetare ecosistemic\u0103 \u0219i biodiversitate a Universit\u0103\u0163ii Bucure\u015fti prin e-\u0219tiin\u021b\u0103 \u0219i tehnologie \u2013 Lifewatch Rom\u00e2nia","robots":{"index":"index","follow":"follow","max-snippet":"max-snippet:-1","max-image-preview":"max-image-preview:large","max-video-preview":"max-video-preview:-1"},"canonical":"https:\/\/lifewatch.unibuc.ro\/?page_id=17","og_locale":"ro_RO","og_type":"article","og_title":"Link-uri utile - Int\u0103rirea capacit\u0103\u0163ii de cercetare ecosistemic\u0103 \u0219i biodiversitate a Universit\u0103\u0163ii Bucure\u015fti prin e-\u0219tiin\u021b\u0103 \u0219i tehnologie \u2013 Lifewatch Rom\u00e2nia","og_description":"https:\/\/www.lifewatch.eu\/ https:\/\/www.danubius-ri.eu\/ www.fonduri-ue.ro https:\/\/www.icos-cp.eu\/","og_url":"https:\/\/lifewatch.unibuc.ro\/?page_id=17","og_site_name":"Int\u0103rirea capacit\u0103\u0163ii de cercetare ecosistemic\u0103 \u0219i biodiversitate a Universit\u0103\u0163ii Bucure\u015fti prin e-\u0219tiin\u021b\u0103 \u0219i tehnologie \u2013 Lifewatch Rom\u00e2nia","article_modified_time":"2021-04-27T11:44:36+00:00","twitter_card":"summary_large_image","twitter_misc":{"Timp estimat pentru citire":"1 minut"},"schema":{"@context":"https:\/\/schema.org","@graph":[{"@type":"WebPage","@id":"https:\/\/lifewatch.unibuc.ro\/?page_id=17","url":"https:\/\/lifewatch.unibuc.ro\/?page_id=17","name":"Link-uri utile - Int\u0103rirea capacit\u0103\u0163ii de cercetare ecosistemic\u0103 \u0219i biodiversitate a Universit\u0103\u0163ii Bucure\u015fti prin e-\u0219tiin\u021b\u0103 \u0219i tehnologie \u2013 Lifewatch Rom\u00e2nia","isPartOf":{"@id":"https:\/\/lifewatch.unibuc.ro\/#website"},"datePublished":"2021-04-27T11:05:19+00:00","dateModified":"2021-04-27T11:44:36+00:00","breadcrumb":{"@id":"https:\/\/lifewatch.unibuc.ro\/?page_id=17#breadcrumb"},"inLanguage":"ro-RO","potentialAction":[{"@type":"ReadAction","target":["https:\/\/lifewatch.unibuc.ro\/?page_id=17"]}]},{"@type":"BreadcrumbList","@id":"https:\/\/lifewatch.unibuc.ro\/?page_id=17#breadcrumb","itemListElement":[{"@type":"ListItem","position":1,"name":"Home","item":"https:\/\/lifewatch.unibuc.ro\/"},{"@type":"ListItem","position":2,"name":"Link-uri utile"}]},{"@type":"WebSite","@id":"https:\/\/lifewatch.unibuc.ro\/#website","url":"https:\/\/lifewatch.unibuc.ro\/","name":"Int\u0103rirea capacit\u0103\u0163ii de cercetare ecosistemic\u0103 \u0219i biodiversitate a Universit\u0103\u0163ii Bucure\u015fti prin e-\u0219tiin\u021b\u0103 \u0219i tehnologie \u2013 Lifewatch Rom\u00e2nia","description":"","publisher":{"@id":"https:\/\/lifewatch.unibuc.ro\/#organization"},"potentialAction":[{"@type":"SearchAction","target":{"@type":"EntryPoint","urlTemplate":"https:\/\/lifewatch.unibuc.ro\/?s={search_term_string}"},"query-input":{"@type":"PropertyValueSpecification","valueRequired":true,"valueName":"search_term_string"}}],"inLanguage":"ro-RO"},{"@type":"Organization","@id":"https:\/\/lifewatch.unibuc.ro\/#organization","name":"Int\u0103rirea capacit\u0103\u0163ii de cercetare ecosistemic\u0103 \u0219i biodiversitate a Universit\u0103\u0163ii Bucure\u015fti prin e-\u0219tiin\u021b\u0103 \u0219i tehnologie \u2013 Lifewatch Rom\u00e2nia","url":"https:\/\/lifewatch.unibuc.ro\/","logo":{"@type":"ImageObject","inLanguage":"ro-RO","@id":"https:\/\/lifewatch.unibuc.ro\/#\/schema\/logo\/image\/","url":"https:\/\/lifewatch.unibuc.ro\/wp-content\/uploads\/2021\/04\/cropped-Picture1.jpg","contentUrl":"https:\/\/lifewatch.unibuc.ro\/wp-content\/uploads\/2021\/04\/cropped-Picture1.jpg","width":878,"height":200,"caption":"Int\u0103rirea capacit\u0103\u0163ii de cercetare ecosistemic\u0103 \u0219i biodiversitate a Universit\u0103\u0163ii Bucure\u015fti prin e-\u0219tiin\u021b\u0103 \u0219i tehnologie \u2013 Lifewatch Rom\u00e2nia"},"image":{"@id":"https:\/\/lifewatch.unibuc.ro\/#\/schema\/logo\/image\/"}}]}},"_links":{"self":[{"href":"https:\/\/lifewatch.unibuc.ro\/index.php?rest_route=\/wp\/v2\/pages\/17","targetHints":{"allow":["GET"]}}],"collection":[{"href":"https:\/\/lifewatch.unibuc.ro\/index.php?rest_route=\/wp\/v2\/pages"}],"about":[{"href":"https:\/\/lifewatch.unibuc.ro\/index.php?rest_route=\/wp\/v2\/types\/page"}],"author":[{"embeddable":true,"href":"https:\/\/lifewatch.unibuc.ro\/index.php?rest_route=\/wp\/v2\/users\/2"}],"replies":[{"embeddable":true,"href":"https:\/\/lifewatch.unibuc.ro\/index.php?rest_route=%2Fwp%2Fv2%2Fcomments&post=17"}],"version-history":[{"count":2,"href":"https:\/\/lifewatch.unibuc.ro\/index.php?rest_route=\/wp\/v2\/pages\/17\/revisions"}],"predecessor-version":[{"id":44,"href":"https:\/\/lifewatch.unibuc.ro\/index.php?rest_route=\/wp\/v2\/pages\/17\/revisions\/44"}],"wp:attachment":[{"href":"https:\/\/lifewatch.unibuc.ro\/index.php?rest_route=%2Fwp%2Fv2%2Fmedia&parent=17"}],"curies":[{"name":"wp","href":"https:\/\/api.w.org\/{rel}","templated":true}]}}