{"id":23,"date":"2021-04-27T11:09:34","date_gmt":"2021-04-27T11:09:34","guid":{"rendered":"https:\/\/lifewatch.unibuc.ro\/?page_id=23"},"modified":"2021-04-27T12:08:05","modified_gmt":"2021-04-27T12:08:05","slug":"localizare-proiect","status":"publish","type":"page","link":"https:\/\/lifewatch.unibuc.ro\/?page_id=23","title":{"rendered":"Localizare proiect"},"content":{"rendered":"<p>Amplasarea proiectului<\/p>\n<div id=\"wpgmza_map\" class=\"wpgmza_map\" data-settings='{\"id\":\"1\",\"map_title\":\"localizare proiect\",\"map_width\":\"100\",\"map_height\":\"400\",\"map_start_lat\":\"45.42252565458401\",\"map_start_lng\":\"25.49075371020789\",\"map_start_location\":\"45.950464398418106,-109.81550500000003\",\"map_start_zoom\":\"6\",\"default_marker\":\"\",\"type\":\"0\",\"alignment\":\"4\",\"directions_enabled\":\"0\",\"styling_enabled\":\"0\",\"styling_json\":\"\",\"active\":\"0\",\"kml\":\"\",\"bicycle\":\"0\",\"traffic\":\"0\",\"dbox\":\"0\",\"dbox_width\":\"\",\"listmarkers\":\"0\",\"listmarkers_advanced\":\"0\",\"filterbycat\":\"0\",\"ugm_enabled\":\"0\",\"ugm_category_enabled\":\"0\",\"fusion\":\"\",\"map_width_type\":\"%\",\"map_height_type\":\"px\",\"mass_marker_support\":\"0\",\"ugm_access\":\"0\",\"order_markers_by\":\"0\",\"order_markers_choice\":\"0\",\"show_user_location\":\"0\",\"default_to\":\"\",\"other_settings\":{\"map_type\":1,\"sl_stroke_color\":\"\",\"sl_fill_color\":\"\",\"sl_stroke_opacity\":\"\",\"sl_fill_opacity\":\"\",\"transport_layer\":false,\"action\":\"wpgmza_save_map\",\"redirect_to\":\"\\\/wp-admin\\\/admin-post.php\",\"map_id\":\"1\",\"http_referer\":\"\\\/wp-admin\\\/admin.php?page=wp-google-maps-menu&amp;override=1&amp;action=edit&amp;map_id=1\",\"wpgmza_id\":\"1\",\"wpgmza_start_location\":\"45.42252565458401,25.49075371020789\",\"wpgmza_start_zoom\":\"6\",\"store_locator_enabled\":false,\"store_locator_search_area\":\"radial\",\"wpgmza_store_locator_radius_style\":\"legacy\",\"wpgmza_store_locator_default_radius\":\"10\",\"store_locator_auto_area_max_zoom\":\"\",\"store_locator_distance\":false,\"wpgmza_store_locator_position\":false,\"store_locator_show_distance\":false,\"store_locator_category\":false,\"wpgmza_store_locator_use_their_location\":false,\"wpgmza_store_locator_bounce\":false,\"wpgmza_sl_animation\":null,\"wpgmza_store_locator_hide_before_search\":false,\"store_locator_query_string\":\"\",\"store_locator_default_address\":\"\",\"store_locator_name_search\":false,\"store_locator_name_string\":\"\",\"store_locator_not_found_message\":\"\",\"wpgmza_map_align\":\"2\",\"jump_to_nearest_marker_on_initialization\":false,\"automatically_pan_to_users_location\":false,\"override_users_location_zoom_level\":false,\"override_users_location_zoom_levels\":\"\",\"show_distance_from_location\":false,\"map_max_zoom\":\"21\",\"map_min_zoom\":\"0\",\"click_open_link\":false,\"fit_maps_bounds_to_markers\":false,\"fit_maps_bounds_to_markers_after_filtering\":false,\"hide_point_of_interest\":false,\"wpgmza_zoom_on_marker_click\":false,\"wpgmza_zoom_on_marker_click_slider\":\"\",\"close_infowindow_on_map_click\":false,\"disable_lightbox_images\":false,\"use_Raw_Jpeg_Coordinates\":false,\"polygon_labels\":false,\"disable_polygon_info_windows\":false,\"enable_marker_ratings\":false,\"only_load_markers_within_viewport\":false,\"iw_primary_color\":\"\",\"iw_accent_color\":\"\",\"iw_text_color\":\"\",\"wpgmza_listmarkers_by\":\"0\",\"wpgmza_marker_listing_position\":false,\"datatable_no_result_message\":\"\",\"remove_search_box_datables\":false,\"dataTable_pagination_style\":null,\"datatable_search_string\":\"\",\"datatable_result_start\":\"\",\"datatable_result_of\":\"\",\"datatable_result_to\":\"\",\"datatable_result_total\":\"\",\"datatable_result_show\":\"\",\"datatable_result_entries\":\"\",\"wpgmza_savemap\":\"Salveaz\\u0103 harta \\u00bb\"}}' data-map-id='1' Data-maps-engine='open-layers' data-shortcode-attributes='{\"id\":\"1\"}' style=\"display:block; overflow:auto; width:100%; height:400px; margin-left:auto !important; margin-right:auto; !important; align:center;\"><\/div>\n","protected":false},"excerpt":{"rendered":"<p>Amplasarea proiectului<\/p>\n","protected":false},"author":2,"featured_media":0,"parent":0,"menu_order":0,"comment_status":"closed","ping_status":"closed","template":"","meta":{"footnotes":""},"class_list":["post-23","page","type-page","status-publish","hentry"],"yoast_head":"<!-- This site is optimized with the Yoast SEO plugin v27.4 - https:\/\/yoast.com\/product\/yoast-seo-wordpress\/ -->\n<title>Localizare proiect - Int\u0103rirea capacit\u0103\u0163ii de cercetare ecosistemic\u0103 \u0219i biodiversitate a Universit\u0103\u0163ii Bucure\u015fti prin e-\u0219tiin\u021b\u0103 \u0219i tehnologie \u2013 Lifewatch Rom\u00e2nia<\/title>\n<meta name=\"robots\" content=\"index, follow, max-snippet:-1, max-image-preview:large, max-video-preview:-1\" \/>\n<link rel=\"canonical\" href=\"https:\/\/lifewatch.unibuc.ro\/?page_id=23\" \/>\n<meta property=\"og:locale\" content=\"ro_RO\" \/>\n<meta property=\"og:type\" content=\"article\" \/>\n<meta property=\"og:title\" content=\"Localizare proiect - Int\u0103rirea capacit\u0103\u0163ii de cercetare ecosistemic\u0103 \u0219i biodiversitate a Universit\u0103\u0163ii Bucure\u015fti prin e-\u0219tiin\u021b\u0103 \u0219i tehnologie \u2013 Lifewatch Rom\u00e2nia\" \/>\n<meta property=\"og:description\" content=\"Amplasarea proiectului\" \/>\n<meta property=\"og:url\" content=\"https:\/\/lifewatch.unibuc.ro\/?page_id=23\" \/>\n<meta property=\"og:site_name\" content=\"Int\u0103rirea capacit\u0103\u0163ii de cercetare ecosistemic\u0103 \u0219i biodiversitate a Universit\u0103\u0163ii Bucure\u015fti prin e-\u0219tiin\u021b\u0103 \u0219i tehnologie \u2013 Lifewatch Rom\u00e2nia\" \/>\n<meta property=\"article:modified_time\" content=\"2021-04-27T12:08:05+00:00\" \/>\n<meta name=\"twitter:card\" content=\"summary_large_image\" \/>\n<meta name=\"twitter:label1\" content=\"Timp estimat pentru citire\" \/>\n\t<meta name=\"twitter:data1\" content=\"1 minut\" \/>\n<script type=\"application\/ld+json\" class=\"yoast-schema-graph\">{\"@context\":\"https:\\\/\\\/schema.org\",\"@graph\":[{\"@type\":\"WebPage\",\"@id\":\"https:\\\/\\\/lifewatch.unibuc.ro\\\/?page_id=23\",\"url\":\"https:\\\/\\\/lifewatch.unibuc.ro\\\/?page_id=23\",\"name\":\"Localizare proiect - Int\u0103rirea capacit\u0103\u0163ii de cercetare ecosistemic\u0103 \u0219i biodiversitate a Universit\u0103\u0163ii Bucure\u015fti prin e-\u0219tiin\u021b\u0103 \u0219i tehnologie \u2013 Lifewatch Rom\u00e2nia\",\"isPartOf\":{\"@id\":\"https:\\\/\\\/lifewatch.unibuc.ro\\\/#website\"},\"datePublished\":\"2021-04-27T11:09:34+00:00\",\"dateModified\":\"2021-04-27T12:08:05+00:00\",\"breadcrumb\":{\"@id\":\"https:\\\/\\\/lifewatch.unibuc.ro\\\/?page_id=23#breadcrumb\"},\"inLanguage\":\"ro-RO\",\"potentialAction\":[{\"@type\":\"ReadAction\",\"target\":[\"https:\\\/\\\/lifewatch.unibuc.ro\\\/?page_id=23\"]}]},{\"@type\":\"BreadcrumbList\",\"@id\":\"https:\\\/\\\/lifewatch.unibuc.ro\\\/?page_id=23#breadcrumb\",\"itemListElement\":[{\"@type\":\"ListItem\",\"position\":1,\"name\":\"Home\",\"item\":\"https:\\\/\\\/lifewatch.unibuc.ro\\\/\"},{\"@type\":\"ListItem\",\"position\":2,\"name\":\"Localizare proiect\"}]},{\"@type\":\"WebSite\",\"@id\":\"https:\\\/\\\/lifewatch.unibuc.ro\\\/#website\",\"url\":\"https:\\\/\\\/lifewatch.unibuc.ro\\\/\",\"name\":\"Int\u0103rirea capacit\u0103\u0163ii de cercetare ecosistemic\u0103 \u0219i biodiversitate a Universit\u0103\u0163ii Bucure\u015fti prin e-\u0219tiin\u021b\u0103 \u0219i tehnologie \u2013 Lifewatch Rom\u00e2nia\",\"description\":\"\",\"publisher\":{\"@id\":\"https:\\\/\\\/lifewatch.unibuc.ro\\\/#organization\"},\"potentialAction\":[{\"@type\":\"SearchAction\",\"target\":{\"@type\":\"EntryPoint\",\"urlTemplate\":\"https:\\\/\\\/lifewatch.unibuc.ro\\\/?s={search_term_string}\"},\"query-input\":{\"@type\":\"PropertyValueSpecification\",\"valueRequired\":true,\"valueName\":\"search_term_string\"}}],\"inLanguage\":\"ro-RO\"},{\"@type\":\"Organization\",\"@id\":\"https:\\\/\\\/lifewatch.unibuc.ro\\\/#organization\",\"name\":\"Int\u0103rirea capacit\u0103\u0163ii de cercetare ecosistemic\u0103 \u0219i biodiversitate a Universit\u0103\u0163ii Bucure\u015fti prin e-\u0219tiin\u021b\u0103 \u0219i tehnologie \u2013 Lifewatch Rom\u00e2nia\",\"url\":\"https:\\\/\\\/lifewatch.unibuc.ro\\\/\",\"logo\":{\"@type\":\"ImageObject\",\"inLanguage\":\"ro-RO\",\"@id\":\"https:\\\/\\\/lifewatch.unibuc.ro\\\/#\\\/schema\\\/logo\\\/image\\\/\",\"url\":\"https:\\\/\\\/lifewatch.unibuc.ro\\\/wp-content\\\/uploads\\\/2021\\\/04\\\/cropped-Picture1.jpg\",\"contentUrl\":\"https:\\\/\\\/lifewatch.unibuc.ro\\\/wp-content\\\/uploads\\\/2021\\\/04\\\/cropped-Picture1.jpg\",\"width\":878,\"height\":200,\"caption\":\"Int\u0103rirea capacit\u0103\u0163ii de cercetare ecosistemic\u0103 \u0219i biodiversitate a Universit\u0103\u0163ii Bucure\u015fti prin e-\u0219tiin\u021b\u0103 \u0219i tehnologie \u2013 Lifewatch Rom\u00e2nia\"},\"image\":{\"@id\":\"https:\\\/\\\/lifewatch.unibuc.ro\\\/#\\\/schema\\\/logo\\\/image\\\/\"}}]}<\/script>\n<!-- \/ Yoast SEO plugin. -->","yoast_head_json":{"title":"Localizare proiect - Int\u0103rirea capacit\u0103\u0163ii de cercetare ecosistemic\u0103 \u0219i biodiversitate a Universit\u0103\u0163ii Bucure\u015fti prin e-\u0219tiin\u021b\u0103 \u0219i tehnologie \u2013 Lifewatch Rom\u00e2nia","robots":{"index":"index","follow":"follow","max-snippet":"max-snippet:-1","max-image-preview":"max-image-preview:large","max-video-preview":"max-video-preview:-1"},"canonical":"https:\/\/lifewatch.unibuc.ro\/?page_id=23","og_locale":"ro_RO","og_type":"article","og_title":"Localizare proiect - Int\u0103rirea capacit\u0103\u0163ii de cercetare ecosistemic\u0103 \u0219i biodiversitate a Universit\u0103\u0163ii Bucure\u015fti prin e-\u0219tiin\u021b\u0103 \u0219i tehnologie \u2013 Lifewatch Rom\u00e2nia","og_description":"Amplasarea proiectului","og_url":"https:\/\/lifewatch.unibuc.ro\/?page_id=23","og_site_name":"Int\u0103rirea capacit\u0103\u0163ii de cercetare ecosistemic\u0103 \u0219i biodiversitate a Universit\u0103\u0163ii Bucure\u015fti prin e-\u0219tiin\u021b\u0103 \u0219i tehnologie \u2013 Lifewatch Rom\u00e2nia","article_modified_time":"2021-04-27T12:08:05+00:00","twitter_card":"summary_large_image","twitter_misc":{"Timp estimat pentru citire":"1 minut"},"schema":{"@context":"https:\/\/schema.org","@graph":[{"@type":"WebPage","@id":"https:\/\/lifewatch.unibuc.ro\/?page_id=23","url":"https:\/\/lifewatch.unibuc.ro\/?page_id=23","name":"Localizare proiect - Int\u0103rirea capacit\u0103\u0163ii de cercetare ecosistemic\u0103 \u0219i biodiversitate a Universit\u0103\u0163ii Bucure\u015fti prin e-\u0219tiin\u021b\u0103 \u0219i tehnologie \u2013 Lifewatch Rom\u00e2nia","isPartOf":{"@id":"https:\/\/lifewatch.unibuc.ro\/#website"},"datePublished":"2021-04-27T11:09:34+00:00","dateModified":"2021-04-27T12:08:05+00:00","breadcrumb":{"@id":"https:\/\/lifewatch.unibuc.ro\/?page_id=23#breadcrumb"},"inLanguage":"ro-RO","potentialAction":[{"@type":"ReadAction","target":["https:\/\/lifewatch.unibuc.ro\/?page_id=23"]}]},{"@type":"BreadcrumbList","@id":"https:\/\/lifewatch.unibuc.ro\/?page_id=23#breadcrumb","itemListElement":[{"@type":"ListItem","position":1,"name":"Home","item":"https:\/\/lifewatch.unibuc.ro\/"},{"@type":"ListItem","position":2,"name":"Localizare proiect"}]},{"@type":"WebSite","@id":"https:\/\/lifewatch.unibuc.ro\/#website","url":"https:\/\/lifewatch.unibuc.ro\/","name":"Int\u0103rirea capacit\u0103\u0163ii de cercetare ecosistemic\u0103 \u0219i biodiversitate a Universit\u0103\u0163ii Bucure\u015fti prin e-\u0219tiin\u021b\u0103 \u0219i tehnologie \u2013 Lifewatch Rom\u00e2nia","description":"","publisher":{"@id":"https:\/\/lifewatch.unibuc.ro\/#organization"},"potentialAction":[{"@type":"SearchAction","target":{"@type":"EntryPoint","urlTemplate":"https:\/\/lifewatch.unibuc.ro\/?s={search_term_string}"},"query-input":{"@type":"PropertyValueSpecification","valueRequired":true,"valueName":"search_term_string"}}],"inLanguage":"ro-RO"},{"@type":"Organization","@id":"https:\/\/lifewatch.unibuc.ro\/#organization","name":"Int\u0103rirea capacit\u0103\u0163ii de cercetare ecosistemic\u0103 \u0219i biodiversitate a Universit\u0103\u0163ii Bucure\u015fti prin e-\u0219tiin\u021b\u0103 \u0219i tehnologie \u2013 Lifewatch Rom\u00e2nia","url":"https:\/\/lifewatch.unibuc.ro\/","logo":{"@type":"ImageObject","inLanguage":"ro-RO","@id":"https:\/\/lifewatch.unibuc.ro\/#\/schema\/logo\/image\/","url":"https:\/\/lifewatch.unibuc.ro\/wp-content\/uploads\/2021\/04\/cropped-Picture1.jpg","contentUrl":"https:\/\/lifewatch.unibuc.ro\/wp-content\/uploads\/2021\/04\/cropped-Picture1.jpg","width":878,"height":200,"caption":"Int\u0103rirea capacit\u0103\u0163ii de cercetare ecosistemic\u0103 \u0219i biodiversitate a Universit\u0103\u0163ii Bucure\u015fti prin e-\u0219tiin\u021b\u0103 \u0219i tehnologie \u2013 Lifewatch Rom\u00e2nia"},"image":{"@id":"https:\/\/lifewatch.unibuc.ro\/#\/schema\/logo\/image\/"}}]}},"_links":{"self":[{"href":"https:\/\/lifewatch.unibuc.ro\/index.php?rest_route=\/wp\/v2\/pages\/23","targetHints":{"allow":["GET"]}}],"collection":[{"href":"https:\/\/lifewatch.unibuc.ro\/index.php?rest_route=\/wp\/v2\/pages"}],"about":[{"href":"https:\/\/lifewatch.unibuc.ro\/index.php?rest_route=\/wp\/v2\/types\/page"}],"author":[{"embeddable":true,"href":"https:\/\/lifewatch.unibuc.ro\/index.php?rest_route=\/wp\/v2\/users\/2"}],"replies":[{"embeddable":true,"href":"https:\/\/lifewatch.unibuc.ro\/index.php?rest_route=%2Fwp%2Fv2%2Fcomments&post=23"}],"version-history":[{"count":3,"href":"https:\/\/lifewatch.unibuc.ro\/index.php?rest_route=\/wp\/v2\/pages\/23\/revisions"}],"predecessor-version":[{"id":48,"href":"https:\/\/lifewatch.unibuc.ro\/index.php?rest_route=\/wp\/v2\/pages\/23\/revisions\/48"}],"wp:attachment":[{"href":"https:\/\/lifewatch.unibuc.ro\/index.php?rest_route=%2Fwp%2Fv2%2Fmedia&parent=23"}],"curies":[{"name":"wp","href":"https:\/\/api.w.org\/{rel}","templated":true}]}}