{"id":25,"date":"2021-04-27T11:09:58","date_gmt":"2021-04-27T11:09:58","guid":{"rendered":"https:\/\/lifewatch.unibuc.ro\/?page_id=25"},"modified":"2021-05-06T18:16:08","modified_gmt":"2021-05-06T18:16:08","slug":"news","status":"publish","type":"page","link":"https:\/\/lifewatch.unibuc.ro\/?page_id=25","title":{"rendered":"News"},"content":{"rendered":"\n<p align=\" justify\">Joi, 5 noiembrie 2020, a fost semnat\u0103 deschiderea finan\u021b\u0103rii proiectului intitulat \u00cent\u0103rirea capacit\u0103\u021bii de cercetare ecosistemic\u0103 \u0219i biodiversitate a Universit\u0103\u021bii din Bucure\u0219ti prin e-\u0219tiin\u021b\u0103 \u0219i tehnologie \u2013 Lifewatch Rom\u00e2nia.<\/p>\n\n\n\n<p>Detalii <a href=\"https:\/\/lifewatch.unibuc.ro\/wp-content\/uploads\/2021\/05\/Comunicat-de-presa-LW_Corectat.pdf\" target=\"_blank\" rel=\"noreferrer noopener\">aici<\/a><\/p>\n","protected":false},"excerpt":{"rendered":"<p>Joi, 5 noiembrie 2020, a fost semnat\u0103 deschiderea finan\u021b\u0103rii proiectului intitulat \u00cent\u0103rirea capacit\u0103\u021bii de cercetare ecosistemic\u0103 \u0219i biodiversitate a Universit\u0103\u021bii din Bucure\u0219ti prin e-\u0219tiin\u021b\u0103 \u0219i tehnologie \u2013 Lifewatch Rom\u00e2nia. Detalii aici<\/p>\n","protected":false},"author":2,"featured_media":68,"parent":0,"menu_order":0,"comment_status":"closed","ping_status":"closed","template":"","meta":{"footnotes":""},"class_list":["post-25","page","type-page","status-publish","has-post-thumbnail","hentry"],"yoast_head":"<!-- This site is optimized with the Yoast SEO plugin v27.4 - https:\/\/yoast.com\/product\/yoast-seo-wordpress\/ -->\n<title>News - Int\u0103rirea capacit\u0103\u0163ii de cercetare ecosistemic\u0103 \u0219i biodiversitate a Universit\u0103\u0163ii Bucure\u015fti prin e-\u0219tiin\u021b\u0103 \u0219i tehnologie \u2013 Lifewatch Rom\u00e2nia<\/title>\n<meta name=\"robots\" content=\"index, follow, max-snippet:-1, max-image-preview:large, max-video-preview:-1\" \/>\n<link rel=\"canonical\" href=\"https:\/\/lifewatch.unibuc.ro\/?page_id=25\" \/>\n<meta property=\"og:locale\" content=\"ro_RO\" \/>\n<meta property=\"og:type\" content=\"article\" \/>\n<meta property=\"og:title\" content=\"News - Int\u0103rirea capacit\u0103\u0163ii de cercetare ecosistemic\u0103 \u0219i biodiversitate a Universit\u0103\u0163ii Bucure\u015fti prin e-\u0219tiin\u021b\u0103 \u0219i tehnologie \u2013 Lifewatch Rom\u00e2nia\" \/>\n<meta property=\"og:description\" content=\"Joi, 5 noiembrie 2020, a fost semnat\u0103 deschiderea finan\u021b\u0103rii proiectului intitulat \u00cent\u0103rirea capacit\u0103\u021bii de cercetare ecosistemic\u0103 \u0219i biodiversitate a Universit\u0103\u021bii din Bucure\u0219ti prin e-\u0219tiin\u021b\u0103 \u0219i tehnologie \u2013 Lifewatch Rom\u00e2nia. Detalii aici\" \/>\n<meta property=\"og:url\" content=\"https:\/\/lifewatch.unibuc.ro\/?page_id=25\" \/>\n<meta property=\"og:site_name\" content=\"Int\u0103rirea capacit\u0103\u0163ii de cercetare ecosistemic\u0103 \u0219i biodiversitate a Universit\u0103\u0163ii Bucure\u015fti prin e-\u0219tiin\u021b\u0103 \u0219i tehnologie \u2013 Lifewatch Rom\u00e2nia\" \/>\n<meta property=\"article:modified_time\" content=\"2021-05-06T18:16:08+00:00\" \/>\n<meta property=\"og:image\" content=\"https:\/\/lifewatch.unibuc.ro\/wp-content\/uploads\/2021\/05\/Logo-color.png\" \/>\n\t<meta property=\"og:image:width\" content=\"1008\" \/>\n\t<meta property=\"og:image:height\" content=\"963\" \/>\n\t<meta property=\"og:image:type\" content=\"image\/png\" \/>\n<meta name=\"twitter:card\" content=\"summary_large_image\" \/>\n<meta name=\"twitter:label1\" content=\"Timp estimat pentru citire\" \/>\n\t<meta name=\"twitter:data1\" content=\"1 minut\" \/>\n<script type=\"application\/ld+json\" class=\"yoast-schema-graph\">{\"@context\":\"https:\\\/\\\/schema.org\",\"@graph\":[{\"@type\":\"WebPage\",\"@id\":\"https:\\\/\\\/lifewatch.unibuc.ro\\\/?page_id=25\",\"url\":\"https:\\\/\\\/lifewatch.unibuc.ro\\\/?page_id=25\",\"name\":\"News - Int\u0103rirea capacit\u0103\u0163ii de cercetare ecosistemic\u0103 \u0219i biodiversitate a Universit\u0103\u0163ii Bucure\u015fti prin e-\u0219tiin\u021b\u0103 \u0219i tehnologie \u2013 Lifewatch Rom\u00e2nia\",\"isPartOf\":{\"@id\":\"https:\\\/\\\/lifewatch.unibuc.ro\\\/#website\"},\"primaryImageOfPage\":{\"@id\":\"https:\\\/\\\/lifewatch.unibuc.ro\\\/?page_id=25#primaryimage\"},\"image\":{\"@id\":\"https:\\\/\\\/lifewatch.unibuc.ro\\\/?page_id=25#primaryimage\"},\"thumbnailUrl\":\"https:\\\/\\\/lifewatch.unibuc.ro\\\/wp-content\\\/uploads\\\/2021\\\/05\\\/Logo-color.png\",\"datePublished\":\"2021-04-27T11:09:58+00:00\",\"dateModified\":\"2021-05-06T18:16:08+00:00\",\"breadcrumb\":{\"@id\":\"https:\\\/\\\/lifewatch.unibuc.ro\\\/?page_id=25#breadcrumb\"},\"inLanguage\":\"ro-RO\",\"potentialAction\":[{\"@type\":\"ReadAction\",\"target\":[\"https:\\\/\\\/lifewatch.unibuc.ro\\\/?page_id=25\"]}]},{\"@type\":\"ImageObject\",\"inLanguage\":\"ro-RO\",\"@id\":\"https:\\\/\\\/lifewatch.unibuc.ro\\\/?page_id=25#primaryimage\",\"url\":\"https:\\\/\\\/lifewatch.unibuc.ro\\\/wp-content\\\/uploads\\\/2021\\\/05\\\/Logo-color.png\",\"contentUrl\":\"https:\\\/\\\/lifewatch.unibuc.ro\\\/wp-content\\\/uploads\\\/2021\\\/05\\\/Logo-color.png\",\"width\":1008,\"height\":963},{\"@type\":\"BreadcrumbList\",\"@id\":\"https:\\\/\\\/lifewatch.unibuc.ro\\\/?page_id=25#breadcrumb\",\"itemListElement\":[{\"@type\":\"ListItem\",\"position\":1,\"name\":\"Home\",\"item\":\"https:\\\/\\\/lifewatch.unibuc.ro\\\/\"},{\"@type\":\"ListItem\",\"position\":2,\"name\":\"News\"}]},{\"@type\":\"WebSite\",\"@id\":\"https:\\\/\\\/lifewatch.unibuc.ro\\\/#website\",\"url\":\"https:\\\/\\\/lifewatch.unibuc.ro\\\/\",\"name\":\"Int\u0103rirea capacit\u0103\u0163ii de cercetare ecosistemic\u0103 \u0219i biodiversitate a Universit\u0103\u0163ii Bucure\u015fti prin e-\u0219tiin\u021b\u0103 \u0219i tehnologie \u2013 Lifewatch Rom\u00e2nia\",\"description\":\"\",\"publisher\":{\"@id\":\"https:\\\/\\\/lifewatch.unibuc.ro\\\/#organization\"},\"potentialAction\":[{\"@type\":\"SearchAction\",\"target\":{\"@type\":\"EntryPoint\",\"urlTemplate\":\"https:\\\/\\\/lifewatch.unibuc.ro\\\/?s={search_term_string}\"},\"query-input\":{\"@type\":\"PropertyValueSpecification\",\"valueRequired\":true,\"valueName\":\"search_term_string\"}}],\"inLanguage\":\"ro-RO\"},{\"@type\":\"Organization\",\"@id\":\"https:\\\/\\\/lifewatch.unibuc.ro\\\/#organization\",\"name\":\"Int\u0103rirea capacit\u0103\u0163ii de cercetare ecosistemic\u0103 \u0219i biodiversitate a Universit\u0103\u0163ii Bucure\u015fti prin e-\u0219tiin\u021b\u0103 \u0219i tehnologie \u2013 Lifewatch Rom\u00e2nia\",\"url\":\"https:\\\/\\\/lifewatch.unibuc.ro\\\/\",\"logo\":{\"@type\":\"ImageObject\",\"inLanguage\":\"ro-RO\",\"@id\":\"https:\\\/\\\/lifewatch.unibuc.ro\\\/#\\\/schema\\\/logo\\\/image\\\/\",\"url\":\"https:\\\/\\\/lifewatch.unibuc.ro\\\/wp-content\\\/uploads\\\/2021\\\/04\\\/cropped-Picture1.jpg\",\"contentUrl\":\"https:\\\/\\\/lifewatch.unibuc.ro\\\/wp-content\\\/uploads\\\/2021\\\/04\\\/cropped-Picture1.jpg\",\"width\":878,\"height\":200,\"caption\":\"Int\u0103rirea capacit\u0103\u0163ii de cercetare ecosistemic\u0103 \u0219i biodiversitate a Universit\u0103\u0163ii Bucure\u015fti prin e-\u0219tiin\u021b\u0103 \u0219i tehnologie \u2013 Lifewatch Rom\u00e2nia\"},\"image\":{\"@id\":\"https:\\\/\\\/lifewatch.unibuc.ro\\\/#\\\/schema\\\/logo\\\/image\\\/\"}}]}<\/script>\n<!-- \/ Yoast SEO plugin. -->","yoast_head_json":{"title":"News - Int\u0103rirea capacit\u0103\u0163ii de cercetare ecosistemic\u0103 \u0219i biodiversitate a Universit\u0103\u0163ii Bucure\u015fti prin e-\u0219tiin\u021b\u0103 \u0219i tehnologie \u2013 Lifewatch Rom\u00e2nia","robots":{"index":"index","follow":"follow","max-snippet":"max-snippet:-1","max-image-preview":"max-image-preview:large","max-video-preview":"max-video-preview:-1"},"canonical":"https:\/\/lifewatch.unibuc.ro\/?page_id=25","og_locale":"ro_RO","og_type":"article","og_title":"News - Int\u0103rirea capacit\u0103\u0163ii de cercetare ecosistemic\u0103 \u0219i biodiversitate a Universit\u0103\u0163ii Bucure\u015fti prin e-\u0219tiin\u021b\u0103 \u0219i tehnologie \u2013 Lifewatch Rom\u00e2nia","og_description":"Joi, 5 noiembrie 2020, a fost semnat\u0103 deschiderea finan\u021b\u0103rii proiectului intitulat \u00cent\u0103rirea capacit\u0103\u021bii de cercetare ecosistemic\u0103 \u0219i biodiversitate a Universit\u0103\u021bii din Bucure\u0219ti prin e-\u0219tiin\u021b\u0103 \u0219i tehnologie \u2013 Lifewatch Rom\u00e2nia. Detalii aici","og_url":"https:\/\/lifewatch.unibuc.ro\/?page_id=25","og_site_name":"Int\u0103rirea capacit\u0103\u0163ii de cercetare ecosistemic\u0103 \u0219i biodiversitate a Universit\u0103\u0163ii Bucure\u015fti prin e-\u0219tiin\u021b\u0103 \u0219i tehnologie \u2013 Lifewatch Rom\u00e2nia","article_modified_time":"2021-05-06T18:16:08+00:00","og_image":[{"width":1008,"height":963,"url":"https:\/\/lifewatch.unibuc.ro\/wp-content\/uploads\/2021\/05\/Logo-color.png","type":"image\/png"}],"twitter_card":"summary_large_image","twitter_misc":{"Timp estimat pentru citire":"1 minut"},"schema":{"@context":"https:\/\/schema.org","@graph":[{"@type":"WebPage","@id":"https:\/\/lifewatch.unibuc.ro\/?page_id=25","url":"https:\/\/lifewatch.unibuc.ro\/?page_id=25","name":"News - Int\u0103rirea capacit\u0103\u0163ii de cercetare ecosistemic\u0103 \u0219i biodiversitate a Universit\u0103\u0163ii Bucure\u015fti prin e-\u0219tiin\u021b\u0103 \u0219i tehnologie \u2013 Lifewatch Rom\u00e2nia","isPartOf":{"@id":"https:\/\/lifewatch.unibuc.ro\/#website"},"primaryImageOfPage":{"@id":"https:\/\/lifewatch.unibuc.ro\/?page_id=25#primaryimage"},"image":{"@id":"https:\/\/lifewatch.unibuc.ro\/?page_id=25#primaryimage"},"thumbnailUrl":"https:\/\/lifewatch.unibuc.ro\/wp-content\/uploads\/2021\/05\/Logo-color.png","datePublished":"2021-04-27T11:09:58+00:00","dateModified":"2021-05-06T18:16:08+00:00","breadcrumb":{"@id":"https:\/\/lifewatch.unibuc.ro\/?page_id=25#breadcrumb"},"inLanguage":"ro-RO","potentialAction":[{"@type":"ReadAction","target":["https:\/\/lifewatch.unibuc.ro\/?page_id=25"]}]},{"@type":"ImageObject","inLanguage":"ro-RO","@id":"https:\/\/lifewatch.unibuc.ro\/?page_id=25#primaryimage","url":"https:\/\/lifewatch.unibuc.ro\/wp-content\/uploads\/2021\/05\/Logo-color.png","contentUrl":"https:\/\/lifewatch.unibuc.ro\/wp-content\/uploads\/2021\/05\/Logo-color.png","width":1008,"height":963},{"@type":"BreadcrumbList","@id":"https:\/\/lifewatch.unibuc.ro\/?page_id=25#breadcrumb","itemListElement":[{"@type":"ListItem","position":1,"name":"Home","item":"https:\/\/lifewatch.unibuc.ro\/"},{"@type":"ListItem","position":2,"name":"News"}]},{"@type":"WebSite","@id":"https:\/\/lifewatch.unibuc.ro\/#website","url":"https:\/\/lifewatch.unibuc.ro\/","name":"Int\u0103rirea capacit\u0103\u0163ii de cercetare ecosistemic\u0103 \u0219i biodiversitate a Universit\u0103\u0163ii Bucure\u015fti prin e-\u0219tiin\u021b\u0103 \u0219i tehnologie \u2013 Lifewatch Rom\u00e2nia","description":"","publisher":{"@id":"https:\/\/lifewatch.unibuc.ro\/#organization"},"potentialAction":[{"@type":"SearchAction","target":{"@type":"EntryPoint","urlTemplate":"https:\/\/lifewatch.unibuc.ro\/?s={search_term_string}"},"query-input":{"@type":"PropertyValueSpecification","valueRequired":true,"valueName":"search_term_string"}}],"inLanguage":"ro-RO"},{"@type":"Organization","@id":"https:\/\/lifewatch.unibuc.ro\/#organization","name":"Int\u0103rirea capacit\u0103\u0163ii de cercetare ecosistemic\u0103 \u0219i biodiversitate a Universit\u0103\u0163ii Bucure\u015fti prin e-\u0219tiin\u021b\u0103 \u0219i tehnologie \u2013 Lifewatch Rom\u00e2nia","url":"https:\/\/lifewatch.unibuc.ro\/","logo":{"@type":"ImageObject","inLanguage":"ro-RO","@id":"https:\/\/lifewatch.unibuc.ro\/#\/schema\/logo\/image\/","url":"https:\/\/lifewatch.unibuc.ro\/wp-content\/uploads\/2021\/04\/cropped-Picture1.jpg","contentUrl":"https:\/\/lifewatch.unibuc.ro\/wp-content\/uploads\/2021\/04\/cropped-Picture1.jpg","width":878,"height":200,"caption":"Int\u0103rirea capacit\u0103\u0163ii de cercetare ecosistemic\u0103 \u0219i biodiversitate a Universit\u0103\u0163ii Bucure\u015fti prin e-\u0219tiin\u021b\u0103 \u0219i tehnologie \u2013 Lifewatch Rom\u00e2nia"},"image":{"@id":"https:\/\/lifewatch.unibuc.ro\/#\/schema\/logo\/image\/"}}]}},"_links":{"self":[{"href":"https:\/\/lifewatch.unibuc.ro\/index.php?rest_route=\/wp\/v2\/pages\/25","targetHints":{"allow":["GET"]}}],"collection":[{"href":"https:\/\/lifewatch.unibuc.ro\/index.php?rest_route=\/wp\/v2\/pages"}],"about":[{"href":"https:\/\/lifewatch.unibuc.ro\/index.php?rest_route=\/wp\/v2\/types\/page"}],"author":[{"embeddable":true,"href":"https:\/\/lifewatch.unibuc.ro\/index.php?rest_route=\/wp\/v2\/users\/2"}],"replies":[{"embeddable":true,"href":"https:\/\/lifewatch.unibuc.ro\/index.php?rest_route=%2Fwp%2Fv2%2Fcomments&post=25"}],"version-history":[{"count":5,"href":"https:\/\/lifewatch.unibuc.ro\/index.php?rest_route=\/wp\/v2\/pages\/25\/revisions"}],"predecessor-version":[{"id":80,"href":"https:\/\/lifewatch.unibuc.ro\/index.php?rest_route=\/wp\/v2\/pages\/25\/revisions\/80"}],"wp:featuredmedia":[{"embeddable":true,"href":"https:\/\/lifewatch.unibuc.ro\/index.php?rest_route=\/wp\/v2\/media\/68"}],"wp:attachment":[{"href":"https:\/\/lifewatch.unibuc.ro\/index.php?rest_route=%2Fwp%2Fv2%2Fmedia&parent=25"}],"curies":[{"name":"wp","href":"https:\/\/api.w.org\/{rel}","templated":true}]}}